{"id":37,"date":"2021-01-22T11:58:52","date_gmt":"2021-01-22T11:58:52","guid":{"rendered":"https:\/\/seymar.cl\/Web\/mesmerize\/"},"modified":"2021-02-03T20:52:45","modified_gmt":"2021-02-03T20:52:45","slug":"mesmerize","status":"publish","type":"page","link":"https:\/\/seymar.cl\/Web\/","title":{"rendered":"Front Page"},"content":{"rendered":"<div  id=\"servicios\" style=\"background-color: #ffffff;\" data-label=\"Servicios\" data-id=\"overlappable-4\" data-export-id=\"overlappable-4\" data-category=\"overlappable\" class=\"overlappable-4 content-section content-section-spacing\" data-overlap=\"true\"><div  class=\"gridContainer\"> <div  data-type=\"row\" class=\"row spaced-cols text-center\"><div  class=\"col-xs-12 col-sm-4 col-padding\"> <i  class=\"fa icon shadow-large-black aligncenter color1 fa-codepen reverse round large\"><\/i> <div  data-type=\"column\" class=\"\"> <h5  class=\"\">FABRICACI\u00d3N &amp; MONTAJE<\/h5> <p  class=\"\">\u2022 Dise\u00f1o, Fabricaci\u00f3n, y Montaje de Estructuras&nbsp;Met\u00e1licas.<br >\u2022 Fabricaci\u00f3n y Montaje de piping.<br >\u2022 Montaje de equipos<br >\u2022 Montaje y Soldadura l\u00edneas de HDPE<\/p><\/div> <\/div> <div  class=\"col-xs-12 col-sm-4 col-padding\"> <i  class=\"fa icon fa-cogs large shadow-large-black round aligncenter reverse color1\"><\/i> <div  data-type=\"column\" class=\"\"><h5  class=\"\">MANTENIMIENTO MEC\u00c1NICO<\/h5> <p  class=\"\">\u2022 Mantenimiento Mec\u00e1nico de Equipos (Filtros prensa, hornos,&nbsp;chancadores, molinos.<br >\u2022 Servicios de apoyo mano de obra<br >\u2022 Mantenci\u00f3n de&nbsp;cintas&nbsp;transportadoras<\/p><\/div> <\/div> <div  class=\"col-xs-12 col-sm-4 col-padding\"> <i  class=\"fa icon shadow-large-black aligncenter color1 fa-user-circle-o reverse round large\"><\/i> <div  data-type=\"column\" class=\"\"><h5  class=\"\">OBRAS CIVILES<\/h5> <p  class=\"\">\u2022 Fundaciones de equipos<br >\u2022 Fundaciones y losas&nbsp;para galpones<br >\u2022 Mejoramiento de suelos\n<br >\u2022 Pavimentaci\u00f3n&nbsp;Mantenimiento&nbsp;\n<br >Industrial<\/p><\/div> <\/div><\/div> <\/div><\/div><div  id=\"empresa\" style=\"background-color: #ffffff;\" data-label=\"Empresa\" data-id=\"features-12-card-bordered\" data-export-id=\"features-12-card-bordered\" data-category=\"features\" class=\"features-12-card-bordered content-section content-section-spacing \"><div  class=\"gridContainer\"> <div  class=\"row text-center\"><div  class=\"section-title-col\" data-type=\"column\"> <h2  class=\"\">SERVICIOS INDUSTRIALES<br >SEYMAR LTDA.<\/h2> <p  class=\"lead\"><br >ANTECEDENTES.-<br >SEYMAR Ltda., provee de servicios de Ingenier\u00eda,&nbsp;Mantenimiento Industrial y&nbsp;Construcci\u00f3n en sus \u00e1reas de montaje industrial y Obras Civiles.\n<br ><br >En SEYMAR Ltda., contamos con una pol\u00edtica de gesti\u00f3n&nbsp;integrada que se ajusta a nuestros compromisos de ofrecer a nuestros&nbsp;clientes productos y servicios de la m\u00e1s alta calidad, garantizando la&nbsp;seguridad de nuestro personal y de quienes nos rodean, as\u00ed como el&nbsp;cuidado del medio ambiente.\n<br ><br >Es pol\u00edtica de nuestra Empresa:<br >Cumplir con todas las leyes y reglamentaciones vigentes&nbsp;aplicables a sus operaciones, de conformidad con la interpretaci\u00f3n y&nbsp;aplicaci\u00f3n dada por la autoridad local y gubernamental.\n<br ><br >Cumplir con nuestra Gesti\u00f3n de Calidad, Salud Ocupacional,&nbsp;Seguridad y Medio Ambiente, es nuestra prioridad tanto en nuestras&nbsp;oficinas centrales e instalaciones como en nuestros contratos hoy es nuestro desaf\u00edo, para ello buscamos generar la m\u00e1xima&nbsp;confiabilidad y transparencia en cada uno de los proyectos que&nbsp;ejecutamos.<\/p><img decoding=\"async\"  class=\"custom-image\" src=\"https:\/\/seymar.cl\/Web\/wp-content\/uploads\/2021\/01\/cropped-foto_seymar.jpg\" title=\"cropped-foto_seymar.jpg\" alt=\"\"><\/div> <\/div> <div  class=\"row spaced-cols\" data-type=\"row\">    <div  class=\"col-sm-6 col-md-12 \"> <div  class=\"card row-card bordered y-move\"> <div  class=\"row\"> <div  class=\"col-sm-fit icon-column\" data-preview-empty=\"1\">  <\/div> <div  class=\"col-sm\" data-type=\"column\">  <\/div> <\/div><\/div> <\/div><\/div> <\/div><\/div><div  data-label=\"Clientes\" data-id=\"clients--1\" data-export-id=\"clients-4\" data-category=\"clients\" class=\"clients-4 content-section content-section-spacing-small\" id=\"clientes\" style=\"background-color: rgb(245, 250, 253);\"><div  class=\"gridContainer\"> <div  class=\"row\"><div  data-type=\"column\" class=\"section-title-col\"> <h2  class=\"font-700\">Clientes<\/h2> <p  class=\"lead\">Prestigiosas Empresas que han confiado en Seymar Ltda.<\/p><\/div> <\/div> <div  data-type=\"row\" class=\"row spaced-cols middle-xs center-xs space-bottom padding-lr\"> <div  class=\"col-xs-6 col-sm-2\"> <img decoding=\"async\"  src=\"https:\/\/seymar.cl\/Web\/wp-content\/uploads\/2021\/02\/angloAmerican.png\" class=\"\" title=\"angloAmerican\" alt=\"\"><\/div> <div  class=\"col-xs-6 col-sm-2\"> <img decoding=\"async\"  src=\"https:\/\/seymar.cl\/Web\/wp-content\/uploads\/2021\/02\/cap.png\" class=\"\" title=\"cap\" alt=\"\"><\/div> <div  class=\"col-xs-6 col-sm-2\"> <img decoding=\"async\"  src=\"https:\/\/seymar.cl\/Web\/wp-content\/uploads\/2021\/02\/cemin.png\" class=\"\" title=\"cemin\" alt=\"\"><\/div> <div  class=\"col-xs-6 col-sm-2\"> <img decoding=\"async\"  src=\"https:\/\/seymar.cl\/Web\/wp-content\/uploads\/2021\/02\/codelco-andina.png\" class=\"\" title=\"codelco-andina\" alt=\"\"><\/div> <div  class=\"col-xs-6 col-sm-2\"> <img decoding=\"async\"  src=\"https:\/\/seymar.cl\/Web\/wp-content\/uploads\/2021\/02\/codelco-teniente.png\" class=\"\" title=\"codelco-teniente\" alt=\"\"><\/div> <div  class=\"col-xs-6 col-sm-2\"> <img decoding=\"async\"  src=\"https:\/\/seymar.cl\/Web\/wp-content\/uploads\/2021\/02\/copec.png\" class=\"\" title=\"copec\" alt=\"\"><\/div> <div  class=\"col-xs-6 col-sm-2\"> <img decoding=\"async\"  src=\"https:\/\/seymar.cl\/Web\/wp-content\/uploads\/2021\/02\/cropped-emerson.png\" class=\"\" title=\"cropped-emerson.png\" alt=\"\"><\/div><div  class=\"col-xs-6 col-sm-2\"> <img decoding=\"async\"  src=\"https:\/\/seymar.cl\/Web\/wp-content\/uploads\/2021\/02\/enel.png\" class=\"\" title=\"enel\" alt=\"\"><\/div><div  class=\"col-xs-6 col-sm-2\"> <img decoding=\"async\"  src=\"https:\/\/seymar.cl\/Web\/wp-content\/uploads\/2021\/02\/cropped-atacama-tech.png\" class=\"\" title=\"cropped-atacama-tech.png\" alt=\"\"><\/div><\/div><\/div> <\/div><div  id=\"trabajos\" style=\"background-color: #f5fafd;\" data-label=\"Trabajos\" data-id=\"about-1\" data-export-id=\"about-1\" data-category=\"about\" class=\"about-1 content-section\"><div  class=\"gridContainer\"> <div  class=\"row text-center\"><div  class=\"section-title-col\" data-type=\"column\"> <h5  class=\"\">SERVICIOS INDUSTRIALES&nbsp;SEYMAR LTDA.<\/h5> <h2  class=\"\">Trabajos efectuados<\/h2> <p  class=\"lead\">Servicio de mejora de condiciones&nbsp;inseguras en Codelco Andina<\/p><p  class=\"lead\">Servicio de apoyo HH en cambio de Imagen en Codelco&nbsp;Andina \u2013 COPEC.<\/p><p  class=\"lead\">Fabricaci\u00f3n y Montaje de Piping Carga y Descarga de\nPetr\u00f3leo Nivel 7, Codelco Andina \u2013 Copec<\/p><p  class=\"lead\">Montaje de escalerillas y tendido de cables para\nSistema de Telemetr\u00eda Carga y descarga de Petr\u00f3leo\nNivel 7, Codelco Andina \u2013 COPEC.<\/p><p  class=\"lead\">Montaje de Escalerillas y tendido de cables para Sistema\nde Telemetr\u00eda Carga y Descarga de Petr\u00f3leo Nivel 16 y\nNivel 17 Interior Mina Subterr\u00e1nea, Codelco Andina<\/p><p  class=\"lead\">Fabricaci\u00f3n y Montaje de estructura para isla Servicentro\nCopec Los Loro, Copiap\u00f3.<\/p><p  class=\"lead\">Reparaci\u00f3n y mantenimiento de estanque de petr\u00f3leo,\nCodelco El Teniente \u2013 COPEC.<\/p><p  class=\"lead\">Fabricaci\u00f3n y Montaje de Piping para Clima, Data Center\nIIA, Cliente Emerson Network.<\/p><p  class=\"lead\">Montaje de Equipos Chiller para Clima, Cliente Emerson\nNetwork<\/p><\/div> <\/div> <div  class=\"row\"> <div  class=\"button-holder space-bottom space-bottom-small\" data-type=\"column\"><p  class=\"lead\">Mantenimiento de Sistema Almacenamiento de\ncombustible, Mantos Copper Cha\u00f1aral \u2013 COPEC<\/p> <p  class=\"lead\">Fabricaci\u00f3n y montaje L\u00ednea Red de Incendio en HDPE, Promaiz S.A.<\/p><p  class=\"lead\">Servicio de apoyo mec\u00e1nico y montaje de Piping ,\nPromaiz S.A. ( 1 A\u00f1o )<\/p><p  class=\"lead\">Fabricaci\u00f3n en taller y suministro de estructuras Varias:\nbarandas, plataformas, Pasarelas, Protecciones de\nCaminos, Soportes, Manifold, Piping, Etc<\/p><p  class=\"lead\">Montaje de ductos para extracci\u00f3n de gases en salas de bater\u00edas\nEnel \u2013 Central Quinteros.<\/p><p  class=\"lead\">Montaje de rejillas de seguridad en Tunel de carga en turbina TG 1 y\nTG 2 Enel \u2013 Central Quinteros<\/p><p  class=\"lead\">Construcci\u00f3n de bodega de materiales Mina UVA \u2013 Minera Amalia, Cemin.<\/p><p  class=\"lead\">Construccion Sala de secado de Ropa Mina UVA \u2013 Minera Amalia, Cemin.<\/p><p  class=\"lead\">Construccion Cierre Perimetral Patio de Salvataje Planta Amalia, Cemin.<\/p><p  class=\"lead\">Montaje de Estructuras de Acceso planta de Acidos Fundicion Chagres.<\/p><\/div> <div  class=\"col-xs bottom-xs flexbox image-group-bottom-3-img space-bottom-xs center-xs\"> <img decoding=\"async\"  class=\"left-img shadow-large-black\" data-size=\"500x300\" src=\"https:\/\/seymar.cl\/Web\/wp-content\/uploads\/2021\/01\/cropped-IMG-20190826-WA0004-scaled-1.jpeg\" title=\"cropped-IMG-20190826-WA0004-scaled-1.jpeg\" alt=\"\"> <img decoding=\"async\"  class=\"center-img shadow-large-black\" data-size=\"500x300\" src=\"https:\/\/seymar.cl\/Web\/wp-content\/uploads\/2021\/01\/cropped-portada_seymar.jpg\" title=\"IMG-20191126-WA0022\" alt=\"\"> <img decoding=\"async\"  class=\"right-img shadow-large-black\" data-size=\"500x300\" src=\"https:\/\/seymar.cl\/Web\/wp-content\/uploads\/2021\/01\/cropped-IMG-20191228-WA0076.jpg\" title=\"cropped-IMG-20191228-WA0076.jpg\" alt=\"\"><\/div> <\/div><\/div> <\/div><div  id=\"album-fotografico\" style=\"background-color: #f5fafd;\" data-label=\"Album fotogr\u00e1fico\" data-id=\"portfolio-4\" data-export-id=\"portfolio-4\" data-category=\"portfolio\" class=\"portfolio-4 content-section content-section-spacing-top\"><div  class=\"\"> <div  class=\"row text-center\"><div  class=\"section-title-col\" data-type=\"column\"> <h2  class=\"\">Album fotogr\u00e1fico<\/h2> <p  class=\"lead\">SERVICIOS INDUSTRIALES SEYMAR LTDA.<\/p><\/div> <\/div> <div  data-type=\"row\" class=\"row\" data-fixed=\"true\"> <div  class=\"col-xs-12 col-sm-3 no-gutter-col\"> <div  class=\"contentswap-effect\" data-hover-fx=\"portfolio-4\"> <div  class=\"initial-image\"> <img decoding=\"async\"  data-size=\"542x360\" src=\"https:\/\/seymar.cl\/Web\/wp-content\/uploads\/2021\/01\/cropped-IMG-20200611-WA0072.jpg\"><\/div> <div  class=\"overlay bg-color1\"><\/div> <div  class=\"swap-inner col-xs-12\"> <div  class=\"row full-height-row middle-xs middle-sm\"> <div  class=\"col-xs-12 text-center content-holder\"> <a href=\"#\" target=\"_self\" rel=\"noopener\"><i  class=\"fa icon portfolio-icon fa-search big\" aria-hidden=\"true\"><\/i><\/a><\/div> <\/div><\/div> <\/div><\/div> <div  class=\"col-xs-12 col-sm-3 no-gutter-col\"><div  class=\"contentswap-effect\" data-hover-fx=\"portfolio-4\"> <div  class=\"initial-image\"> <img decoding=\"async\"  data-size=\"542x360\" src=\"https:\/\/seymar.cl\/Web\/wp-content\/uploads\/2021\/01\/cropped-IMG-20200609-WA0095.jpg\"><\/div> <div  class=\"overlay bg-color1\"><\/div> <div  class=\"swap-inner col-xs-12\"> <div  class=\"row full-height-row middle-xs middle-sm\"> <div  class=\"col-xs-12 text-center content-holder\"> <a href=\"#\" target=\"_self\" rel=\"noopener\"><i  class=\"fa icon portfolio-icon fa-search big\" aria-hidden=\"true\"><\/i><\/a><\/div> <\/div><\/div> <\/div><\/div> <div  class=\"col-xs-12 col-sm-3 no-gutter-col\"><div  class=\"contentswap-effect\" data-hover-fx=\"portfolio-4\"> <div  class=\"initial-image\"> <img decoding=\"async\"  data-size=\"542x360\" src=\"https:\/\/seymar.cl\/Web\/wp-content\/uploads\/2021\/01\/cropped-IMG-20200526-WA0355.jpg\"><\/div> <div  class=\"overlay bg-color1\"><\/div> <div  class=\"swap-inner col-xs-12\"> <div  class=\"row full-height-row middle-xs middle-sm\"> <div  class=\"col-xs-12 text-center content-holder\"> <a href=\"#\" target=\"_self\" rel=\"noopener\"><i  class=\"fa icon portfolio-icon fa-search big\" aria-hidden=\"true\"><\/i><\/a><\/div> <\/div><\/div> <\/div><\/div> <div  class=\"col-xs-12 col-sm-3 no-gutter-col\"><div  class=\"contentswap-effect\" data-hover-fx=\"portfolio-4\"> <div  class=\"initial-image\"> <img decoding=\"async\"  data-size=\"542x360\" src=\"https:\/\/seymar.cl\/Web\/wp-content\/uploads\/2021\/01\/cropped-IMG-20200526-WA0190.jpg\"><\/div> <div  class=\"overlay bg-color1\"><\/div> <div  class=\"swap-inner col-xs-12\"> <div  class=\"row full-height-row middle-xs middle-sm\"> <div  class=\"col-xs-12 text-center content-holder\"> <a href=\"#\" target=\"_self\" rel=\"noopener\"><i  class=\"fa icon portfolio-icon fa-search big\" aria-hidden=\"true\"><\/i><\/a><\/div> <\/div><\/div> <\/div><\/div> <div  class=\"col-xs-12 col-sm-3 no-gutter-col\"><div  class=\"contentswap-effect\" data-hover-fx=\"portfolio-4\"> <div  class=\"initial-image\"> <img decoding=\"async\"  data-size=\"542x360\" src=\"https:\/\/seymar.cl\/Web\/wp-content\/uploads\/2021\/01\/cropped-IMG-20200302-WA0023.jpg\"><\/div> <div  class=\"overlay bg-color1\"><\/div> <div  class=\"swap-inner col-xs-12\"> <div  class=\"row full-height-row middle-xs middle-sm\"> <div  class=\"col-xs-12 text-center content-holder\"> <a href=\"#\" target=\"_self\" rel=\"noopener\"><i  class=\"fa icon portfolio-icon fa-search big\" aria-hidden=\"true\"><\/i><\/a><\/div> <\/div><\/div> <\/div><\/div> <div  class=\"col-xs-12 col-sm-3 no-gutter-col\"><div  class=\"contentswap-effect\" data-hover-fx=\"portfolio-4\"> <div  class=\"initial-image\"> <img decoding=\"async\"  data-size=\"542x360\" src=\"https:\/\/seymar.cl\/Web\/wp-content\/uploads\/2021\/01\/cropped-IMG-20200213-WA0023.jpg\"><\/div> <div  class=\"overlay bg-color1\"><\/div> <div  class=\"swap-inner col-xs-12\"> <div  class=\"row full-height-row middle-xs middle-sm\"> <div  class=\"col-xs-12 text-center content-holder\"> <a href=\"#\" target=\"_self\" rel=\"noopener\"><i  class=\"fa icon portfolio-icon fa-search big\" aria-hidden=\"true\"><\/i><\/a><\/div> <\/div><\/div> <\/div><\/div> <div  class=\"col-xs-12 col-sm-3 no-gutter-col\"><div  class=\"contentswap-effect\" data-hover-fx=\"portfolio-4\"> <div  class=\"initial-image\"> <img decoding=\"async\"  data-size=\"542x360\" src=\"https:\/\/seymar.cl\/Web\/wp-content\/uploads\/2021\/01\/cropped-IMG-20200115-WA0095.jpg\"><\/div> <div  class=\"overlay bg-color1\"><\/div> <div  class=\"swap-inner col-xs-12\"> <div  class=\"row full-height-row middle-xs middle-sm\"> <div  class=\"col-xs-12 text-center content-holder\"> <a href=\"#\" target=\"_self\" rel=\"noopener\"><i  class=\"fa icon portfolio-icon fa-search big\" aria-hidden=\"true\"><\/i><\/a><\/div> <\/div><\/div> <\/div><\/div> <div  class=\"col-xs-12 col-sm-3 no-gutter-col\"><div  class=\"contentswap-effect\" data-hover-fx=\"portfolio-4\"> <div  class=\"initial-image\"> <img decoding=\"async\"  data-size=\"542x360\" src=\"https:\/\/seymar.cl\/Web\/wp-content\/uploads\/2021\/01\/cropped-IMG-20200112-WA0018-scaled-1.jpeg\"><\/div> <div  class=\"overlay bg-color1\"><\/div> <div  class=\"swap-inner col-xs-12\"> <div  class=\"row full-height-row middle-xs middle-sm\"> <div  class=\"col-xs-12 text-center content-holder\"> <a href=\"#\" target=\"_self\" rel=\"noopener\"><i  class=\"fa icon portfolio-icon fa-search big\" aria-hidden=\"true\"><\/i><\/a><\/div> <\/div><\/div> <\/div><\/div> <div  class=\"col-xs-12 col-sm-3 no-gutter-col\"> <div  class=\"contentswap-effect\" data-hover-fx=\"portfolio-4\"> <div  class=\"initial-image\"> <img decoding=\"async\"  data-size=\"542x360\" src=\"https:\/\/seymar.cl\/Web\/wp-content\/uploads\/2021\/02\/cropped-img-seymar.jpg\"><\/div> <div  class=\"overlay bg-color1\"><\/div> <div  class=\"swap-inner col-xs-12\"> <div  class=\"row full-height-row middle-xs middle-sm\"> <div  class=\"col-xs-12 text-center content-holder\"> <a href=\"#\" target=\"_self\" rel=\"noopener\"><i  class=\"fa icon portfolio-icon fa-search big\" aria-hidden=\"true\"><\/i><\/a><\/div> <\/div><\/div> <\/div><\/div><div  class=\"col-xs-12 col-sm-3 no-gutter-col\"> <div  class=\"contentswap-effect\" data-hover-fx=\"portfolio-4\"> <div  class=\"initial-image\"> <img decoding=\"async\"  data-size=\"542x360\" src=\"https:\/\/seymar.cl\/Web\/wp-content\/uploads\/2021\/02\/cropped-img_obras.jpg\"><\/div> <div  class=\"overlay bg-color1\"><\/div> <div  class=\"swap-inner col-xs-12\"> <div  class=\"row full-height-row middle-xs middle-sm\"> <div  class=\"col-xs-12 text-center content-holder\"> <a href=\"#\" target=\"_self\" rel=\"noopener\"><i  class=\"fa icon portfolio-icon fa-search big\" aria-hidden=\"true\"><\/i><\/a><\/div> <\/div><\/div> <\/div><\/div><div  class=\"col-xs-12 col-sm-3 no-gutter-col\"> <div  class=\"contentswap-effect\" data-hover-fx=\"portfolio-4\"> <div  class=\"initial-image\"> <img decoding=\"async\"  data-size=\"542x360\" src=\"https:\/\/seymar.cl\/Web\/wp-content\/uploads\/2021\/02\/cropped-IMG-20191126-WA0012.jpg\"><\/div> <div  class=\"overlay bg-color1\"><\/div> <div  class=\"swap-inner col-xs-12\"> <div  class=\"row full-height-row middle-xs middle-sm\"> <div  class=\"col-xs-12 text-center content-holder\"> <a href=\"#\" target=\"_self\" rel=\"noopener\"><i  class=\"fa icon portfolio-icon fa-search big\" aria-hidden=\"true\"><\/i><\/a><\/div> <\/div><\/div> <\/div><\/div><div  class=\"col-xs-12 col-sm-3 no-gutter-col\"> <div  class=\"contentswap-effect\" data-hover-fx=\"portfolio-4\"> <div  class=\"initial-image\"> <img decoding=\"async\"  data-size=\"542x360\" src=\"https:\/\/seymar.cl\/Web\/wp-content\/uploads\/2021\/02\/cropped-IMG-20190731-WA0011.jpg\"><\/div> <div  class=\"overlay bg-color1\"><\/div> <div  class=\"swap-inner col-xs-12\"> <div  class=\"row full-height-row middle-xs middle-sm\"> <div  class=\"col-xs-12 text-center content-holder\"> <a href=\"#\" target=\"_self\" rel=\"noopener\"><i  class=\"fa icon portfolio-icon fa-search big\" aria-hidden=\"true\"><\/i><\/a><\/div> <\/div><\/div> <\/div><\/div><\/div><\/div> <\/div><div  id=\"contacto\" data-label=\"Contacto\" data-id=\"contact-1\" data-export-id=\"contact-1\" data-category=\"contact\" class=\"contact-1 content-section content-section-spacing white-text\" data-parallax-depth=\"20\" style=\"background-image: url(&quot;https:\/\/seymar.cl\/Web\/wp-content\/uploads\/2021\/01\/cropped-cropped-logo_SEYMAR-1.png&quot;); background-size: cover; background-position: center top;\"><div  class=\"gridContainer\"> <div  class=\"row text-center\"><div  class=\"section-title-col\" data-type=\"column\"> <h2  class=\"\">Contactenos<\/h2> <p  class=\"lead\">Contacte a Seymar Ltda.<\/p><\/div> <\/div> <div  class=\"row text-center\"> <div  class=\"col-xs-12 col-sm-8 col-sm-offset-2 contact-form-wrapper inline-info\"> <div  class=\"card large-padding\"> <div  class=\"\" data-content-shortcode=\"mesmerize_contact_form shortcode=&quot;wpforms id=&amp;amp;quot;131&amp;amp;quot; title=&amp;amp;quot;false&amp;amp;quot;&quot;\" data-editable=\"true\"><div class=\"wpforms-container wpforms-container-full\" id=\"wpforms-131\"><form id=\"wpforms-form-131\" class=\"wpforms-validate wpforms-form\" data-formid=\"131\" method=\"post\" enctype=\"multipart\/form-data\" action=\"\/Web\/wp-json\/wp\/v2\/pages\/37\" data-token=\"1e63cc40c1d0120f2f2388b07a62ac00\"><noscript class=\"wpforms-error-noscript\">Por favor, activa JavaScript en tu navegador para completar este formulario.<\/noscript><div class=\"wpforms-field-container\"><div id=\"wpforms-131-field_0-container\" class=\"wpforms-field wpforms-field-name\" data-field-id=\"0\"><label class=\"wpforms-field-label\" for=\"wpforms-131-field_0\">Nombre <span class=\"wpforms-required-label\">*<\/span><\/label><div class=\"wpforms-field-row wpforms-field-large\"><div class=\"wpforms-field-row-block wpforms-first wpforms-one-half\"><input type=\"text\" id=\"wpforms-131-field_0\" class=\"wpforms-field-name-first wpforms-field-required\" name=\"wpforms[fields][0][first]\" required><label for=\"wpforms-131-field_0\" class=\"wpforms-field-sublabel after \">Nombre<\/label><\/div><div class=\"wpforms-field-row-block wpforms-one-half\"><input type=\"text\" id=\"wpforms-131-field_0-last\" class=\"wpforms-field-name-last wpforms-field-required\" name=\"wpforms[fields][0][last]\" required><label for=\"wpforms-131-field_0-last\" class=\"wpforms-field-sublabel after \">Apellidos<\/label><\/div><\/div><\/div><div id=\"wpforms-131-field_3-container\" class=\"wpforms-field wpforms-field-text\" data-field-id=\"3\"><label class=\"wpforms-field-label\" for=\"wpforms-131-field_3\">Empresa<\/label><input type=\"text\" id=\"wpforms-131-field_3\" class=\"wpforms-field-medium\" name=\"wpforms[fields][3]\" ><\/div><div id=\"wpforms-131-field_1-container\" class=\"wpforms-field wpforms-field-email\" data-field-id=\"1\"><label class=\"wpforms-field-label\" for=\"wpforms-131-field_1\">Email <span class=\"wpforms-required-label\">*<\/span><\/label><input type=\"email\" id=\"wpforms-131-field_1\" class=\"wpforms-field-large wpforms-field-required\" name=\"wpforms[fields][1]\" required><\/div><div id=\"wpforms-131-field_4-container\" class=\"wpforms-field wpforms-field-number\" data-field-id=\"4\"><label class=\"wpforms-field-label\" for=\"wpforms-131-field_4\">Fono contacto<\/label><input type=\"number\" pattern=\"\\d*\" id=\"wpforms-131-field_4\" class=\"wpforms-field-medium\" name=\"wpforms[fields][4]\" ><\/div><div id=\"wpforms-131-field_2-container\" class=\"wpforms-field wpforms-field-textarea\" data-field-id=\"2\"><label class=\"wpforms-field-label\" for=\"wpforms-131-field_2\">Comentario mensaje <span class=\"wpforms-required-label\">*<\/span><\/label><textarea id=\"wpforms-131-field_2\" class=\"wpforms-field-large wpforms-field-required\" name=\"wpforms[fields][2]\" required><\/textarea><\/div><\/div><div class=\"wpforms-field wpforms-field-hp\"><label for=\"wpforms-131-field-hp\" class=\"wpforms-field-label\">Email<\/label><input type=\"text\" name=\"wpforms[hp]\" id=\"wpforms-131-field-hp\" class=\"wpforms-field-medium\"><\/div><input type=\"hidden\" name=\"wpforms[recaptcha]\" value=\"\"><div class=\"wpforms-submit-container\" ><input type=\"hidden\" name=\"wpforms[id]\" value=\"131\"><input type=\"hidden\" name=\"wpforms[author]\" value=\"1\"><button type=\"submit\" name=\"wpforms[submit]\" class=\"wpforms-submit button color1\" id=\"wpforms-submit-131\" value=\"wpforms-submit\" aria-live=\"assertive\" data-alt-text=\"Sending...\" data-submit-text=\"Enviar\">Enviar<\/button><\/div><\/form><\/div>  <!-- .wpforms-container --><\/div><\/div> <\/div><\/div> <\/div><\/div><div  data-label=\"Contactos\" data-id=\"team--1\" data-export-id=\"team-2\" data-category=\"team\" class=\"team-2 content-section content-section-spacing\" id=\"contactos\" style=\"background-color: rgb(245, 250, 253);\"><div  class=\"gridContainer\"> <div  class=\"row text-center\"><div  class=\"section-title-col\" data-type=\"column\"> <h2  class=\"\">Contactos Seymar Ltda.<\/h2> <p  class=\"lead\">Datos de contacto Seymar Ltda.<\/p><\/div> <\/div> <div  class=\"row spaced-cols content-center-sm\" data-type=\"row\"> <div  class=\"col-sm-6 col-md-6 \"> <div  class=\"card y-move no-padding bordered\"> <img decoding=\"async\"  class=\"face\" src=\"https:\/\/seymar.cl\/Web\/wp-content\/uploads\/2021\/02\/cropped-logo_SEYMAR_horiz-grises.png\" title=\"cropped-logo_SEYMAR_horiz-grises.png\" alt=\"\"> <div  data-type=\"column\" class=\"col-padding-small col-padding-small-xs description-container\"> <h4  class=\"font-500\">Roberto Escudero Aguilera<\/h4> <p  class=\"small\" style=\"font-style: italic;\">Gerente Operaciones<\/p>  <p  class=\"lead\"><\/p><div  class=\"\">Email : roberto.escudero@seymar.cl&nbsp;<\/div><div  class=\"\">Email : seymar@seymar.cl&nbsp;<\/div><div  class=\"\">Web : www.Seymar.cl&nbsp;<\/div><div  class=\"\">Celular : 9 54184807<\/div><\/div><\/div> <\/div> <div  class=\"col-sm-6 col-md-6 \"> <div  class=\"card y-move no-padding bordered\"> <img decoding=\"async\"  class=\"face\" src=\"https:\/\/seymar.cl\/Web\/wp-content\/uploads\/2021\/02\/logo_SEYMAR_horiz-grises.png\" title=\"logo_SEYMAR_horiz-grises\" alt=\"\"> <div  data-type=\"column\" class=\"col-padding-small col-padding-small-xs description-container\"> <div  class=\"social-icons-group\" data-type=\"group\"> <a href=\"#\" target=\"_self\" data-reiki-hidden=\"true\" rel=\"noopener\"><i  class=\"gray fa icon fa-facebook-square\"><\/i><\/a> <a href=\"#\" target=\"_self\" data-reiki-hidden=\"true\" rel=\"noopener\"><i  class=\"gray fa icon fa-twitter-square\"><\/i><\/a> <a href=\"#\" target=\"_self\" data-reiki-hidden=\"true\" rel=\"noopener\"><i  class=\"gray fa icon fa-linkedin-square\"><\/i><\/a> <a href=\"#\" target=\"_self\" data-reiki-hidden=\"true\" rel=\"noopener\"><i  class=\"gray fa icon fa-google-plus-square\"><\/i><\/a><\/div><h4  class=\"font-500\">Victor Escudero Aguilera<\/h4> <p  class=\"small\" style=\"font-style: italic;\">Gerente Comercial<\/p>  <p  class=\"lead\"><\/p><div  class=\"\">Email: victor.escudero@seymar.cl<\/div><div  class=\"\">Email : seymar@seymar.cl<\/div><div  class=\"\">Web : www.Seymar.cl<\/div><div  class=\"\">Celular : 9 84296257<\/div><\/div><\/div> <\/div>      <\/div> <\/div><\/div>","protected":false},"excerpt":{"rendered":"<p>FABRICACI\u00d3N &amp; MONTAJE \u2022 Dise\u00f1o, Fabricaci\u00f3n, y Montaje de Estructuras&nbsp;Met\u00e1licas.\u2022 Fabricaci\u00f3n y Montaje de piping.\u2022 Montaje de equipos\u2022 Montaje y Soldadura l\u00edneas de HDPE MANTENIMIENTO MEC\u00c1NICO \u2022 Mantenimiento Mec\u00e1nico de Equipos (Filtros prensa, hornos,&nbsp;chancadores, molinos.\u2022 Servicios de apoyo mano de obra\u2022 Mantenci\u00f3n de&nbsp;cintas&nbsp;transportadoras OBRAS CIVILES \u2022 Fundaciones de equipos\u2022 Fundaciones y losas&nbsp;para galpones\u2022 Mejoramiento de&hellip; <br \/> <a class=\"read-more\" href=\"https:\/\/seymar.cl\/Web\/\">Leer m\u00e1s<\/a><\/p>\n","protected":false},"author":1,"featured_media":0,"parent":0,"menu_order":0,"comment_status":"closed","ping_status":"closed","template":"page-templates\/homepage.php","meta":{"footnotes":""},"class_list":["post-37","page","type-page","status-publish","hentry"],"_links":{"self":[{"href":"https:\/\/seymar.cl\/Web\/wp-json\/wp\/v2\/pages\/37","targetHints":{"allow":["GET"]}}],"collection":[{"href":"https:\/\/seymar.cl\/Web\/wp-json\/wp\/v2\/pages"}],"about":[{"href":"https:\/\/seymar.cl\/Web\/wp-json\/wp\/v2\/types\/page"}],"author":[{"embeddable":true,"href":"https:\/\/seymar.cl\/Web\/wp-json\/wp\/v2\/users\/1"}],"replies":[{"embeddable":true,"href":"https:\/\/seymar.cl\/Web\/wp-json\/wp\/v2\/comments?post=37"}],"version-history":[{"count":48,"href":"https:\/\/seymar.cl\/Web\/wp-json\/wp\/v2\/pages\/37\/revisions"}],"predecessor-version":[{"id":222,"href":"https:\/\/seymar.cl\/Web\/wp-json\/wp\/v2\/pages\/37\/revisions\/222"}],"wp:attachment":[{"href":"https:\/\/seymar.cl\/Web\/wp-json\/wp\/v2\/media?parent=37"}],"curies":[{"name":"wp","href":"https:\/\/api.w.org\/{rel}","templated":true}]}}